{"id":10,"date":"2016-08-26T21:21:27","date_gmt":"2016-08-26T19:21:27","guid":{"rendered":"http:\/\/openpicnic.net\/?page_id=10"},"modified":"2016-08-28T01:51:32","modified_gmt":"2016-08-27T23:51:32","slug":"historique","status":"publish","type":"page","link":"https:\/\/atelier21.org\/openpicnic\/historique\/","title":{"rendered":"Historique"},"content":{"rendered":"\t\t\t<!-- Cool Timeline Free V3.0.8 -->\n\t\t\t<div class=\"ctl-wrapper\" role=\"region\" aria-label=\"Timeline\">\n\t\t\t\t\t\t\t\t<div id=\"cool_timeline_1\" class=\"cool-timeline-wrapper ctl-both-sided ctl-vertical-wrapper\" >\n\t\t\t\t\t<div class=\"ctl-start\"><\/div>\n\t\t\t\t\t<!-- Timeline Container -->\n\t\t\t\t\t<div class=\"ctl-timeline ctl-timeline-container\" data-animation=\"none\">\n\t\t\t\t\t\t<!-- Center Line -->\n\t\t\t\t\t\t<div class=\"ctl-inner-line\" role=\"presentation\"><\/div>\n\t\t\t\t\t\t<!-- Timeline Content --><div  id=\"ctl-story-86\" class=\"ctl-story ctl-story-icon odd ctl-story-right\" data-aos=\"none\"   data-story-index=\"1\" role=\"article\"><!-- Story Icon --><div class=\"ctl-icon\"><i class=\"fa fa-clock-o\" aria-hidden=\"true\"><\/i><\/div> <!-- Story Arrow --><div class=\"ctl-arrow\"><\/div><!-- Story Content --><div class=\"ctl-content\"><!-- Story Title --><div class=\"ctl-title story-86\" aria-label=\"2\"><a target=\"_self\" title=\"Paris Innovation Summer Fellowship : Prototypage d\u2019une latte \u00e0 \u00e9nergie solaire impl\u00e9mentable sur les tous les mod\u00e8les de table et qui permet de recharger des t\u00e9l\u00e9phones et d\u2019int\u00e9grer au mobilier urbain des modules intelligents ou des capteurs\" href=\"https:\/\/atelier21.org\/openpicnic\/cool_timeline\/solar-table-fellowship\/\" class=\"story-link\">Paris Innovation Summer Fellowship : Prototypage d\u2019une latte \u00e0 \u00e9nergie solaire impl\u00e9mentable sur les tous les mod\u00e8les de table et qui permet de recharger des t\u00e9l\u00e9phones et d\u2019int\u00e9grer au mobilier urbain des modules intelligents ou des capteurs<\/a><\/div><!-- Story Media --><div class=\"ctl-media full\"><a data-glightbox=\"Paris Innovation Summer Fellowship : Prototypage d\u2019une latte \u00e0 \u00e9nergie solaire impl\u00e9mentable sur les tous les mod\u00e8les de table et qui permet de recharger des t\u00e9l\u00e9phones et d\u2019int\u00e9grer au mobilier urbain des modules intelligents ou des capteurs\" href=\"https:\/\/atelier21.org\/openpicnic\/wp-content\/uploads\/2014\/08\/5.jpg\" class=\"ctl_glightbox\"><img loading=\"lazy\" decoding=\"async\" width=\"591\" height=\"391\" src=\"https:\/\/atelier21.org\/openpicnic\/wp-content\/uploads\/2014\/08\/5.jpg\" class=\"story-img wp-post-image\" alt=\"Paris Innovation Summer Fellowship : Prototypage d\u2019une latte \u00e0 \u00e9nergie solaire impl\u00e9mentable sur les tous les mod\u00e8les de table et qui permet de recharger des t\u00e9l\u00e9phones et d\u2019int\u00e9grer au mobilier urbain des modules intelligents ou des capteurs\" srcset=\"https:\/\/atelier21.org\/openpicnic\/wp-content\/uploads\/2014\/08\/5.jpg 591w, https:\/\/atelier21.org\/openpicnic\/wp-content\/uploads\/2014\/08\/5-300x198.jpg 300w\" sizes=\"auto, (max-width: 591px) 100vw, 591px\" \/><\/a><\/div><\/div><\/div><!-- Timeline Content --><div  id=\"ctl-story-85\" class=\"ctl-story ctl-story-icon even ctl-story-left\" data-aos=\"none\"   data-story-index=\"2\" role=\"article\"><!-- Story Icon --><div class=\"ctl-icon\"><i class=\"fa fa-clock-o\" aria-hidden=\"true\"><\/i><\/div> <!-- Story Arrow --><div class=\"ctl-arrow\"><\/div><!-- Story Content --><div class=\"ctl-content\"><!-- Story Title --><div class=\"ctl-title story-85\" aria-label=\"2\"><a target=\"_self\" title=\"Construction de 60 nouvelles tables pour le domaine de Chamarande, dont un nouveau module qui permet de fusionner les tables pour une disposition de type banquet Gaulois\" href=\"https:\/\/atelier21.org\/openpicnic\/cool_timeline\/60-tables-chamarande\/\" class=\"story-link\">Construction de 60 nouvelles tables pour le domaine de Chamarande, dont un nouveau module qui permet de fusionner les tables pour une disposition de type banquet Gaulois<\/a><\/div><!-- Story Media --><div class=\"ctl-media full\"><a data-glightbox=\"Construction de 60 nouvelles tables pour le domaine de Chamarande, dont un nouveau module qui permet de fusionner les tables pour une disposition de type banquet Gaulois\" href=\"https:\/\/atelier21.org\/openpicnic\/wp-content\/uploads\/2014\/08\/2.jpg\" class=\"ctl_glightbox\"><img loading=\"lazy\" decoding=\"async\" width=\"561\" height=\"371\" src=\"https:\/\/atelier21.org\/openpicnic\/wp-content\/uploads\/2014\/08\/2.jpg\" class=\"story-img wp-post-image\" alt=\"Construction de 60 nouvelles tables pour le domaine de Chamarande, dont un nouveau module qui permet de fusionner les tables pour une disposition de type banquet Gaulois\" srcset=\"https:\/\/atelier21.org\/openpicnic\/wp-content\/uploads\/2014\/08\/2.jpg 561w, https:\/\/atelier21.org\/openpicnic\/wp-content\/uploads\/2014\/08\/2-300x198.jpg 300w\" sizes=\"auto, (max-width: 561px) 100vw, 561px\" \/><\/a><\/div><\/div><\/div><!-- Timeline Content --><div  id=\"ctl-story-84\" class=\"ctl-story ctl-story-icon odd ctl-story-right\" data-aos=\"none\"   data-story-index=\"3\" role=\"article\"><!-- Story Icon --><div class=\"ctl-icon\"><i class=\"fa fa-clock-o\" aria-hidden=\"true\"><\/i><\/div> <!-- Story Arrow --><div class=\"ctl-arrow\"><\/div><!-- Story Content --><div class=\"ctl-content\"><!-- Story Title --><div class=\"ctl-title story-84\" aria-label=\"2\"><a target=\"_self\" title=\"Projet lab\u00e9lis\u00e9 COP21 et exposition de tous les mod\u00e8les sur l\u2019Espace G\u00e9n\u00e9ration Climat au Bourget\" href=\"https:\/\/atelier21.org\/openpicnic\/cool_timeline\/exhibition-label-cop21-le-bourget\/\" class=\"story-link\">Projet lab\u00e9lis\u00e9 COP21 et exposition de tous les mod\u00e8les sur l\u2019Espace G\u00e9n\u00e9ration Climat au Bourget<\/a><\/div><!-- Story Media --><div class=\"ctl-media full\"><a data-glightbox=\"Projet lab\u00e9lis\u00e9 COP21 et exposition de tous les mod\u00e8les sur l\u2019Espace G\u00e9n\u00e9ration Climat au Bourget\" href=\"https:\/\/atelier21.org\/openpicnic\/wp-content\/uploads\/2015\/12\/cop21-label_reduit.png\" class=\"ctl_glightbox\"><img loading=\"lazy\" decoding=\"async\" width=\"300\" height=\"300\" src=\"https:\/\/atelier21.org\/openpicnic\/wp-content\/uploads\/2015\/12\/cop21-label_reduit.png\" class=\"story-img wp-post-image\" alt=\"Projet lab\u00e9lis\u00e9 COP21 et exposition de tous les mod\u00e8les sur l\u2019Espace G\u00e9n\u00e9ration Climat au Bourget\" srcset=\"https:\/\/atelier21.org\/openpicnic\/wp-content\/uploads\/2015\/12\/cop21-label_reduit.png 300w, https:\/\/atelier21.org\/openpicnic\/wp-content\/uploads\/2015\/12\/cop21-label_reduit-150x150.png 150w, https:\/\/atelier21.org\/openpicnic\/wp-content\/uploads\/2015\/12\/cop21-label_reduit-250x250.png 250w\" sizes=\"auto, (max-width: 300px) 100vw, 300px\" \/><\/a><\/div><\/div><\/div><!-- Timeline Content --><div  id=\"ctl-story-83\" class=\"ctl-story ctl-story-icon even ctl-story-left\" data-aos=\"none\"   data-story-index=\"4\" role=\"article\"><!-- Story Icon --><div class=\"ctl-icon\"><i class=\"fa fa-clock-o\" aria-hidden=\"true\"><\/i><\/div> <!-- Story Arrow --><div class=\"ctl-arrow\"><\/div><!-- Story Content --><div class=\"ctl-content\"><!-- Story Title --><div class=\"ctl-title story-83\" aria-label=\"2\"><a target=\"_self\" title=\"Construction de 3 tables mod\u00e8le Madeleine pour la ville de Paris, en noyer d\u2019Am\u00e9rique et en ch\u00eane issus des coupes locales\" href=\"https:\/\/atelier21.org\/openpicnic\/cool_timeline\/3-tables-paris\/\" class=\"story-link\">Construction de 3 tables mod\u00e8le Madeleine pour la ville de Paris, en noyer d\u2019Am\u00e9rique et en ch\u00eane issus des coupes locales<\/a><\/div><!-- Story Media --><div class=\"ctl-media full\"><a data-glightbox=\"Construction de 3 tables mod\u00e8le Madeleine pour la ville de Paris, en noyer d\u2019Am\u00e9rique et en ch\u00eane issus des coupes locales\" href=\"https:\/\/atelier21.org\/openpicnic\/wp-content\/uploads\/2016\/08\/Madeleine1.jpg\" class=\"ctl_glightbox\"><img loading=\"lazy\" decoding=\"async\" width=\"960\" height=\"639\" src=\"https:\/\/atelier21.org\/openpicnic\/wp-content\/uploads\/2016\/08\/Madeleine1-1024x682.jpg\" class=\"story-img wp-post-image\" alt=\"Construction de 3 tables mod\u00e8le Madeleine pour la ville de Paris, en noyer d\u2019Am\u00e9rique et en ch\u00eane issus des coupes locales\" srcset=\"https:\/\/atelier21.org\/openpicnic\/wp-content\/uploads\/2016\/08\/Madeleine1-1024x682.jpg 1024w, https:\/\/atelier21.org\/openpicnic\/wp-content\/uploads\/2016\/08\/Madeleine1-300x200.jpg 300w, https:\/\/atelier21.org\/openpicnic\/wp-content\/uploads\/2016\/08\/Madeleine1-768x512.jpg 768w, https:\/\/atelier21.org\/openpicnic\/wp-content\/uploads\/2016\/08\/Madeleine1.jpg 1621w\" sizes=\"auto, (max-width: 960px) 100vw, 960px\" \/><\/a><\/div><\/div><\/div><!-- Timeline Content --><div  id=\"ctl-story-82\" class=\"ctl-story ctl-story-icon odd ctl-story-right\" data-aos=\"none\"   data-story-index=\"5\" role=\"article\"><!-- Story Icon --><div class=\"ctl-icon\"><i class=\"fa fa-clock-o\" aria-hidden=\"true\"><\/i><\/div> <!-- Story Arrow --><div class=\"ctl-arrow\"><\/div><!-- Story Content --><div class=\"ctl-content\"><!-- Story Title --><div class=\"ctl-title story-82\" aria-label=\"2\"><a target=\"_self\" title=\"Lancement du projet lors d\u2019une r\u00e9sidence au domaine de Chamarrante : Co-design avec les usagers et prototypage de 6 tables de picnic\" href=\"https:\/\/atelier21.org\/openpicnic\/cool_timeline\/6-prototypes-chamarande\/\" class=\"story-link\">Lancement du projet lors d\u2019une r\u00e9sidence au domaine de Chamarrante : Co-design avec les usagers et prototypage de 6 tables de picnic<\/a><\/div><!-- Story Media --><div class=\"ctl-media full\"><a data-glightbox=\"Lancement du projet lors d\u2019une r\u00e9sidence au domaine de Chamarrante : Co-design avec les usagers et prototypage de 6 tables de picnic\" href=\"https:\/\/atelier21.org\/openpicnic\/wp-content\/uploads\/2014\/08\/1.jpg\" class=\"ctl_glightbox\"><img loading=\"lazy\" decoding=\"async\" width=\"579\" height=\"383\" src=\"https:\/\/atelier21.org\/openpicnic\/wp-content\/uploads\/2014\/08\/1.jpg\" class=\"story-img wp-post-image\" alt=\"Lancement du projet lors d\u2019une r\u00e9sidence au domaine de Chamarrante : Co-design avec les usagers et prototypage de 6 tables de picnic\" srcset=\"https:\/\/atelier21.org\/openpicnic\/wp-content\/uploads\/2014\/08\/1.jpg 579w, https:\/\/atelier21.org\/openpicnic\/wp-content\/uploads\/2014\/08\/1-300x198.jpg 300w\" sizes=\"auto, (max-width: 579px) 100vw, 579px\" \/><\/a><\/div><\/div><\/div>\t\t\t\t\t<\/div>\n\t\t\t\t\t<div class=\"ctl-end\"><\/div>\n\t\t\t\t\t\t\t\t\t<\/div>\n\t\t\t<\/div>\n\t\t\t\n","protected":false},"excerpt":{"rendered":"","protected":false},"author":1,"featured_media":0,"parent":0,"menu_order":0,"comment_status":"closed","ping_status":"closed","template":"","meta":{"footnotes":""},"class_list":["post-10","page","type-page","status-publish","hentry"],"_links":{"self":[{"href":"https:\/\/atelier21.org\/openpicnic\/wp-json\/wp\/v2\/pages\/10","targetHints":{"allow":["GET"]}}],"collection":[{"href":"https:\/\/atelier21.org\/openpicnic\/wp-json\/wp\/v2\/pages"}],"about":[{"href":"https:\/\/atelier21.org\/openpicnic\/wp-json\/wp\/v2\/types\/page"}],"author":[{"embeddable":true,"href":"https:\/\/atelier21.org\/openpicnic\/wp-json\/wp\/v2\/users\/1"}],"replies":[{"embeddable":true,"href":"https:\/\/atelier21.org\/openpicnic\/wp-json\/wp\/v2\/comments?post=10"}],"version-history":[{"count":3,"href":"https:\/\/atelier21.org\/openpicnic\/wp-json\/wp\/v2\/pages\/10\/revisions"}],"predecessor-version":[{"id":81,"href":"https:\/\/atelier21.org\/openpicnic\/wp-json\/wp\/v2\/pages\/10\/revisions\/81"}],"wp:attachment":[{"href":"https:\/\/atelier21.org\/openpicnic\/wp-json\/wp\/v2\/media?parent=10"}],"curies":[{"name":"wp","href":"https:\/\/api.w.org\/{rel}","templated":true}]}}