{"id":115,"date":"2016-09-04T23:26:50","date_gmt":"2016-09-04T21:26:50","guid":{"rendered":"http:\/\/openpicnic.net\/?page_id=115"},"modified":"2019-10-18T15:09:17","modified_gmt":"2019-10-18T13:09:17","slug":"valentine","status":"publish","type":"page","link":"https:\/\/atelier21.org\/openpicnic\/valentine\/","title":{"rendered":"Valentine"},"content":{"rendered":"<div id=\"colonnes\">\n<div style=\"width: 49%; padding: 0 1pt 0 0; float: left;\"><div id=\"metaslider-id-118\" style=\"max-width: 1500px;\" class=\"ml-slider-3-101-0 metaslider metaslider-nivo metaslider-118 ml-slider has-dots-nav ms-theme-default\" role=\"region\" aria-label=\"Valentine\" data-height=\"1000\" data-width=\"1500\">\n    <div id=\"metaslider_container_118\">\n        <div class='slider-wrapper theme-default'><div class='ribbon'><\/div><div id='metaslider_118' class='nivoSlider'><img loading=\"lazy\" decoding=\"async\" src=\"https:\/\/atelier21.org\/openpicnic\/wp-content\/uploads\/2016\/09\/Valentine1.jpg\" height=\"1000\" width=\"1500\" alt=\"\" class=\"slider-118 slide-120 msDefaultImage\" \/><\/div><\/div>\n        \n    <\/div>\n<\/div><\/div>\n<div style=\"width: 49%; padding: 0 1pt 0 0; float: right;\"><div style='width:500%; margin:auto; position:relative; font-size: 9pt; color: #777777;'>\n\t\t<canvas id='cv' style='border: 1px solid;' width='500%' height='310%' ><\/canvas>\n\t\t\n\t<\/div>\n\t\n\t<script type='text\/javascript'>\n\tvar canvas = document.getElementById('cv');\n\tvar viewer = new JSC3D.Viewer(canvas);\n\tviewer.setParameter('SceneUrl', '\/\/atelier21.org\/openpicnic\/valentine.obj');\n\tviewer.setParameter('InitRotationX', -15);\n\tviewer.setParameter('InitRotationY', 135);\n\tviewer.setParameter('InitRotationZ', 0);\n\tviewer.setParameter('ModelColor', '#be6b34');\n\tviewer.setParameter('BackgroundColor1', '#c7c7bf');\n\tviewer.setParameter('BackgroundColor2', '#ffffff');\n\tviewer.setParameter('RenderMode', 'texturesmooth');\n\tviewer.setParameter('MipMapping', 'on');\n\tviewer.init();\n\tviewer.update();\n  <\/script><\/div>\n<\/div>\n<p style=\"text-align: left;\">Pour un t\u00eate \u00e0 t\u00eate<\/p>\n<ul>\n<li style=\"text-align: left;\">Longueur : 165cm<\/li>\n<li style=\"text-align: left;\">Largeur : 100cm<\/li>\n<li style=\"text-align: left;\">Hauteur : 82cm<\/li>\n<\/ul>\n","protected":false},"excerpt":{"rendered":"<p>Pour un t\u00eate \u00e0 t\u00eate Longueur : 165cm Largeur : 100cm Hauteur : 82cm<\/p>\n","protected":false},"author":1,"featured_media":0,"parent":0,"menu_order":0,"comment_status":"closed","ping_status":"closed","template":"","meta":{"footnotes":""},"class_list":["post-115","page","type-page","status-publish","hentry"],"_links":{"self":[{"href":"https:\/\/atelier21.org\/openpicnic\/wp-json\/wp\/v2\/pages\/115","targetHints":{"allow":["GET"]}}],"collection":[{"href":"https:\/\/atelier21.org\/openpicnic\/wp-json\/wp\/v2\/pages"}],"about":[{"href":"https:\/\/atelier21.org\/openpicnic\/wp-json\/wp\/v2\/types\/page"}],"author":[{"embeddable":true,"href":"https:\/\/atelier21.org\/openpicnic\/wp-json\/wp\/v2\/users\/1"}],"replies":[{"embeddable":true,"href":"https:\/\/atelier21.org\/openpicnic\/wp-json\/wp\/v2\/comments?post=115"}],"version-history":[{"count":5,"href":"https:\/\/atelier21.org\/openpicnic\/wp-json\/wp\/v2\/pages\/115\/revisions"}],"predecessor-version":[{"id":158,"href":"https:\/\/atelier21.org\/openpicnic\/wp-json\/wp\/v2\/pages\/115\/revisions\/158"}],"wp:attachment":[{"href":"https:\/\/atelier21.org\/openpicnic\/wp-json\/wp\/v2\/media?parent=115"}],"curies":[{"name":"wp","href":"https:\/\/api.w.org\/{rel}","templated":true}]}}