{"id":12,"date":"2016-08-26T21:21:41","date_gmt":"2016-08-26T19:21:41","guid":{"rendered":"http:\/\/openpicnic.net\/?page_id=12"},"modified":"2016-09-04T23:09:22","modified_gmt":"2016-09-04T21:09:22","slug":"accueil","status":"publish","type":"page","link":"https:\/\/atelier21.org\/openpicnic\/","title":{"rendered":"Accueil"},"content":{"rendered":"<p><span style=\"font-weight: 400; color: #ffffff;\">ATELIER21 a con\u00e7u trois mod\u00e8les de tables \u00e0 partir d\u2019une approche fond\u00e9e sur la mobilisation des ressources locales et le comportement des utilisateurs du parc. <\/span><\/p>\n<p><span style=\"font-weight: 400; color: #ffffff;\">Cette m\u00e9thodologie de design par les usages a n\u00e9cessit\u00e9 une enqu\u00eate d\u2019observation qualitative durant l&rsquo;\u00e9t\u00e9 2013 afin de conna\u00eetre les pratiques des visiteurs lors de leurs pique-niques.<\/span><\/p>\n<p><span style=\"font-weight: 400; color: #ffffff;\">Si une collectivit\u00e9 publique s\u2019engage \u00e0 construire avec des ressources locales, l\u2019 Atelier21 met \u00e0 disposition les plans de construction et accompagne le projet ;\u00a0<\/span><\/p>\n<p><span style=\"font-weight: 400; color: #ffffff;\">OpenTables est une fa\u00e7on d\u2019enrichir le patrimoine commun et de rejoindre l\u2019id\u00e9e v\u00e9hicul\u00e9e par le Domaine de Chamarande, d\u2019un jardin \u00e0 partager.<\/span><\/p>\n","protected":false},"excerpt":{"rendered":"<p>ATELIER21 a con\u00e7u trois mod\u00e8les de tables \u00e0 partir d\u2019une approche fond\u00e9e sur la mobilisation des ressources locales et le comportement des utilisateurs du parc. Cette m\u00e9thodologie de design par les usages a n\u00e9cessit\u00e9 une enqu\u00eate d\u2019observation qualitative durant l&rsquo;\u00e9t\u00e9 2013 afin de conna\u00eetre les pratiques des visiteurs lors de leurs pique-niques. Si une collectivit\u00e9 &hellip;<\/p>\n","protected":false},"author":1,"featured_media":0,"parent":0,"menu_order":0,"comment_status":"closed","ping_status":"closed","template":"","meta":{"footnotes":""},"class_list":["post-12","page","type-page","status-publish","hentry"],"_links":{"self":[{"href":"https:\/\/atelier21.org\/openpicnic\/wp-json\/wp\/v2\/pages\/12","targetHints":{"allow":["GET"]}}],"collection":[{"href":"https:\/\/atelier21.org\/openpicnic\/wp-json\/wp\/v2\/pages"}],"about":[{"href":"https:\/\/atelier21.org\/openpicnic\/wp-json\/wp\/v2\/types\/page"}],"author":[{"embeddable":true,"href":"https:\/\/atelier21.org\/openpicnic\/wp-json\/wp\/v2\/users\/1"}],"replies":[{"embeddable":true,"href":"https:\/\/atelier21.org\/openpicnic\/wp-json\/wp\/v2\/comments?post=12"}],"version-history":[{"count":14,"href":"https:\/\/atelier21.org\/openpicnic\/wp-json\/wp\/v2\/pages\/12\/revisions"}],"predecessor-version":[{"id":113,"href":"https:\/\/atelier21.org\/openpicnic\/wp-json\/wp\/v2\/pages\/12\/revisions\/113"}],"wp:attachment":[{"href":"https:\/\/atelier21.org\/openpicnic\/wp-json\/wp\/v2\/media?parent=12"}],"curies":[{"name":"wp","href":"https:\/\/api.w.org\/{rel}","templated":true}]}}