{"id":43,"date":"2016-08-27T16:01:24","date_gmt":"2016-08-27T14:01:24","guid":{"rendered":"http:\/\/openpicnic.net\/?page_id=43"},"modified":"2019-10-18T15:10:16","modified_gmt":"2019-10-18T13:10:16","slug":"madeleine","status":"publish","type":"page","link":"https:\/\/atelier21.org\/openpicnic\/madeleine\/","title":{"rendered":"Madeleine"},"content":{"rendered":"<div id=\"colonnes\">\n<div style=\"width: 49%; padding: 0 1pt 0 0; float: left;\"><div id=\"metaslider-id-46\" style=\"max-width: 1500px;\" class=\"ml-slider-3-101-0 metaslider metaslider-nivo metaslider-46 ml-slider has-dots-nav ms-theme-default\" role=\"region\" aria-label=\"Madeleine\" data-height=\"1000\" data-width=\"1500\">\n    <div id=\"metaslider_container_46\">\n        <div class='slider-wrapper theme-default'><div class='ribbon'><\/div><div id='metaslider_46' class='nivoSlider'><img loading=\"lazy\" decoding=\"async\" src=\"https:\/\/atelier21.org\/openpicnic\/wp-content\/uploads\/2016\/08\/Madeleine4-1500x1000.jpg\" height=\"1000\" width=\"1500\" data-caption=\"Madeleine\" alt=\"\" class=\"slider-46 slide-50 msDefaultImage\" \/><img loading=\"lazy\" decoding=\"async\" src=\"https:\/\/atelier21.org\/openpicnic\/wp-content\/uploads\/2016\/08\/Madeleine3-1500x1000.jpg\" height=\"1000\" width=\"1500\" data-caption=\"Madeleine\" alt=\"\" class=\"slider-46 slide-49 msDefaultImage\" \/><img loading=\"lazy\" decoding=\"async\" src=\"https:\/\/atelier21.org\/openpicnic\/wp-content\/uploads\/2016\/08\/Madeleine2-1500x1000.jpg\" height=\"1000\" width=\"1500\" data-caption=\"Madeleine\" alt=\"\" class=\"slider-46 slide-48 msDefaultImage\" \/><img loading=\"lazy\" decoding=\"async\" src=\"https:\/\/atelier21.org\/openpicnic\/wp-content\/uploads\/2016\/09\/connexion-Madeleine-1.jpg\" height=\"1000\" width=\"1500\" data-caption=\"Madeleines\" alt=\"\" class=\"slider-46 slide-146 msDefaultImage\" \/><img loading=\"lazy\" decoding=\"async\" src=\"https:\/\/atelier21.org\/openpicnic\/wp-content\/uploads\/2016\/09\/tout-ensemble-2-618x412.png\" height=\"1000\" width=\"1500\" data-caption=\"Madeleines\" alt=\"\" class=\"slider-46 slide-147 msDefaultImage\" \/><img loading=\"lazy\" decoding=\"async\" src=\"https:\/\/atelier21.org\/openpicnic\/wp-content\/uploads\/2016\/09\/tout-ensemble-3-618x412.png\" height=\"1000\" width=\"1500\" data-caption=\"Madeleines\" alt=\"\" class=\"slider-46 slide-148 msDefaultImage\" \/><\/div><\/div>\n        \n    <\/div>\n<\/div><\/div>\n<div style=\"width: 49%; padding: 0 1pt 0 0; float: right;\"><div style='width:500%; margin:auto; position:relative; font-size: 9pt; color: #777777;'>\n\t\t<canvas id='cv' style='border: 1px solid;' width='500%' height='310%' ><\/canvas>\n\t\t\n\t<\/div>\n\t\n\t<script type='text\/javascript'>\n\tvar canvas = document.getElementById('cv');\n\tvar viewer = new JSC3D.Viewer(canvas);\n\tviewer.setParameter('SceneUrl', '\/\/atelier21.org\/openpicnic\/Madeleine.obj');\n\tviewer.setParameter('InitRotationX', -15);\n\tviewer.setParameter('InitRotationY', 135);\n\tviewer.setParameter('InitRotationZ', 0);\n\tviewer.setParameter('ModelColor', '#be6b34');\n\tviewer.setParameter('BackgroundColor1', '#c7c7bf');\n\tviewer.setParameter('BackgroundColor2', '#ffffff');\n\tviewer.setParameter('RenderMode', 'texturesmooth');\n\tviewer.setParameter('MipMapping', 'on');\n\tviewer.init();\n\tviewer.update();\n  <\/script><\/div>\n<\/div>\n<p style=\"text-align: left;\">Acc\u00e8s handicap\u00e9s et des si\u00e8ges pour enfants<\/p>\n<ul>\n<li style=\"text-align: left;\">Longueur : 320 cm<\/li>\n<li style=\"text-align: left;\">Largeur : 170cm<\/li>\n<li style=\"text-align: left;\">Hauteur : 82cm<\/li>\n<\/ul>\n","protected":false},"excerpt":{"rendered":"<p>Acc\u00e8s handicap\u00e9s et des si\u00e8ges pour enfants Longueur : 320 cm Largeur : 170cm Hauteur : 82cm<\/p>\n","protected":false},"author":1,"featured_media":0,"parent":0,"menu_order":0,"comment_status":"closed","ping_status":"closed","template":"","meta":{"footnotes":""},"class_list":["post-43","page","type-page","status-publish","hentry"],"_links":{"self":[{"href":"https:\/\/atelier21.org\/openpicnic\/wp-json\/wp\/v2\/pages\/43","targetHints":{"allow":["GET"]}}],"collection":[{"href":"https:\/\/atelier21.org\/openpicnic\/wp-json\/wp\/v2\/pages"}],"about":[{"href":"https:\/\/atelier21.org\/openpicnic\/wp-json\/wp\/v2\/types\/page"}],"author":[{"embeddable":true,"href":"https:\/\/atelier21.org\/openpicnic\/wp-json\/wp\/v2\/users\/1"}],"replies":[{"embeddable":true,"href":"https:\/\/atelier21.org\/openpicnic\/wp-json\/wp\/v2\/comments?post=43"}],"version-history":[{"count":32,"href":"https:\/\/atelier21.org\/openpicnic\/wp-json\/wp\/v2\/pages\/43\/revisions"}],"predecessor-version":[{"id":162,"href":"https:\/\/atelier21.org\/openpicnic\/wp-json\/wp\/v2\/pages\/43\/revisions\/162"}],"wp:attachment":[{"href":"https:\/\/atelier21.org\/openpicnic\/wp-json\/wp\/v2\/media?parent=43"}],"curies":[{"name":"wp","href":"https:\/\/api.w.org\/{rel}","templated":true}]}}